{"id":248,"date":"2022-02-17T03:14:34","date_gmt":"2022-02-17T02:14:34","guid":{"rendered":"http:\/\/tavaresmuzika.com\/?page_id=248"},"modified":"2022-05-05T00:02:34","modified_gmt":"2022-05-04T22:02:34","slug":"criolo","status":"publish","type":"page","link":"https:\/\/tavaresmuzika.com\/index.php\/danilo-tavares\/criolo\/","title":{"rendered":"Criolo"},"content":{"rendered":"<p>[et_pb_section fb_built=&#8221;1&#8243; _builder_version=&#8221;4.8.2&#8243; _module_preset=&#8221;default&#8221; background_image=&#8221;http:\/\/tavaresmuzika.com\/wp-content\/uploads\/2022\/02\/20211111_0029-200&#215;300.jpg&#8221; parallax=&#8221;on&#8221; custom_padding=&#8221;70px|||||&#8221; filter_brightness=&#8221;81%&#8221; filter_invert=&#8221;2%&#8221; locked=&#8221;off&#8221;][et_pb_row column_structure=&#8221;1_2,1_6,1_6,1_6&#8243; _builder_version=&#8221;4.8.2&#8243; _module_preset=&#8221;default&#8221; width=&#8221;100%&#8221; max_width=&#8221;1518px&#8221; module_alignment=&#8221;right&#8221; custom_padding=&#8221;5px|0px||||&#8221; locked=&#8221;off&#8221;][et_pb_column type=&#8221;1_2&#8243; _builder_version=&#8221;4.8.2&#8243; _module_preset=&#8221;default&#8221;][et_pb_text content_tablet=&#8221;<\/p>\n<p style=%22text-align: left;%22><strong>Danilo<\/strong><strong> Tavares\u2019 Biography<\/strong><\/p>\n<p>&#8221; content_phone=&#8221;&#8221; content_last_edited=&#8221;on|phone&#8221; _builder_version=&#8221;4.8.2&#8243; _module_preset=&#8221;default&#8221; text_font=&#8221;|700|||||||&#8221; text_font_size=&#8221;30px&#8221; transform_scale_tablet=&#8221;&#8221; transform_scale_phone=&#8221;&#8221; transform_scale_last_edited=&#8221;on|desktop&#8221; transform_translate=&#8221;155px|20px&#8221; transform_translate_tablet=&#8221;&#8221; transform_translate_phone=&#8221;67px|-18px&#8221; transform_translate_last_edited=&#8221;on|desktop&#8221; transform_rotate_tablet=&#8221;&#8221; transform_rotate_phone=&#8221;&#8221; transform_rotate_last_edited=&#8221;on|desktop&#8221; transform_skew_tablet=&#8221;&#8221; transform_skew_phone=&#8221;&#8221; transform_skew_last_edited=&#8221;on|desktop&#8221; transform_origin_tablet=&#8221;&#8221; transform_origin_phone=&#8221;&#8221; transform_origin_last_edited=&#8221;on|desktop&#8221; transform_styles_last_edited=&#8221;on|desktop&#8221; text_orientation=&#8221;center&#8221; width_tablet=&#8221;&#8221; width_phone=&#8221;62%&#8221; width_last_edited=&#8221;on|phone&#8221; max_width=&#8221;100%&#8221; min_height_tablet=&#8221;&#8221; min_height_phone=&#8221;100px&#8221; min_height_last_edited=&#8221;on|phone&#8221; height=&#8221;100px&#8221; max_height=&#8221;1000px&#8221; custom_margin=&#8221;||31px||false|false&#8221; custom_margin_tablet=&#8221;||-11px||false|false&#8221; custom_margin_phone=&#8221;||-33px||false|false&#8221; custom_margin_last_edited=&#8221;on|desktop&#8221; custom_padding=&#8221;3px|0px|0px||false|false&#8221; hover_enabled=&#8221;0&#8243; transform_styles_tablet=&#8221;&#8221; transform_styles_phone=&#8221;&#8221; module_alignment_tablet=&#8221;&#8221; module_alignment_phone=&#8221;&#8221; module_alignment_last_edited=&#8221;on|phone&#8221; text_text_color=&#8221;rgba(255,255,255,0.62)&#8221; sticky_enabled=&#8221;0&#8243;]<\/p>\n<p style=\"text-align: center;\"><strong>Biografia di Danilo<\/strong><strong> Tavares<\/strong><\/p>\n<p>[\/et_pb_text][\/et_pb_column][et_pb_column type=&#8221;1_6&#8243; _builder_version=&#8221;4.8.2&#8243; _module_preset=&#8221;default&#8221;][et_pb_image src=&#8221;http:\/\/tavaresmuzika.com\/wp-content\/uploads\/2022\/02\/ph-cv-s.png&#8221; title_text=&#8221;ph cv s&#8221; url=&#8221;http:\/\/tavaresmuzika.com\/index.php\/danilo-tavares\/criolo\/&#8221; align_tablet=&#8221;&#8221; align_phone=&#8221;&#8221; align_last_edited=&#8221;on|tablet&#8221; _builder_version=&#8221;4.8.2&#8243; _module_preset=&#8221;default&#8221; transform_scale_tablet=&#8221;&#8221; transform_scale_phone=&#8221;&#8221; transform_scale_last_edited=&#8221;on|desktop&#8221; transform_translate=&#8221;104px|16px&#8221; transform_translate_tablet=&#8221;&#8221; transform_translate_phone=&#8221;&#8221; transform_translate_last_edited=&#8221;on|desktop&#8221; transform_rotate_tablet=&#8221;&#8221; transform_rotate_phone=&#8221;&#8221; transform_rotate_last_edited=&#8221;on|desktop&#8221; transform_skew_tablet=&#8221;&#8221; transform_skew_phone=&#8221;&#8221; transform_skew_last_edited=&#8221;on|desktop&#8221; transform_origin_tablet=&#8221;&#8221; transform_origin_phone=&#8221;&#8221; transform_origin_last_edited=&#8221;on|desktop&#8221; transform_styles_last_edited=&#8221;on|desktop&#8221; width=&#8221;94.9%&#8221; module_alignment=&#8221;right&#8221; custom_margin=&#8221;||||false|false&#8221; custom_padding=&#8221;|108px|||false|false&#8221; transform_styles_tablet=&#8221;&#8221; transform_styles_phone=&#8221;&#8221;][\/et_pb_image][\/et_pb_column][et_pb_column type=&#8221;1_6&#8243; _builder_version=&#8221;4.8.2&#8243; _module_preset=&#8221;default&#8221;][et_pb_image src=&#8221;http:\/\/tavaresmuzika.com\/wp-content\/uploads\/2022\/02\/logo-anglais-s.png&#8221; title_text=&#8221;logo anglais s&#8221; url=&#8221;http:\/\/tavaresmuzika.com\/index.php\/danilo-tavares\/ingles\/&#8221; src_tablet=&#8221;&#8221; src_phone=&#8221;&#8221; src_last_edited=&#8221;on|phone&#8221; show_bottom_space_tablet=&#8221;&#8221; show_bottom_space_phone=&#8221;&#8221; show_bottom_space_last_edited=&#8221;on|phone&#8221; _builder_version=&#8221;4.8.2&#8243; _module_preset=&#8221;default&#8221; transform_scale_tablet=&#8221;&#8221; transform_scale_phone=&#8221;70%|70%&#8221; transform_scale_last_edited=&#8221;on|desktop&#8221; transform_translate=&#8221;-117px|11px&#8221; transform_translate_tablet=&#8221;&#8221; transform_translate_phone=&#8221;-77px|-28px&#8221; transform_translate_last_edited=&#8221;on|phone&#8221; transform_rotate_tablet=&#8221;&#8221; transform_rotate_phone=&#8221;&#8221; transform_rotate_last_edited=&#8221;on|desktop&#8221; transform_skew_tablet=&#8221;&#8221; transform_skew_phone=&#8221;&#8221; transform_skew_last_edited=&#8221;on|desktop&#8221; transform_origin_tablet=&#8221;&#8221; transform_origin_phone=&#8221;&#8221; transform_origin_last_edited=&#8221;on|desktop&#8221; transform_styles_last_edited=&#8221;on|phone&#8221; width=&#8221;100%&#8221; width_tablet=&#8221;&#8221; width_phone=&#8221;&#8221; width_last_edited=&#8221;on|phone&#8221; max_width=&#8221;78%&#8221; max_width_tablet=&#8221;&#8221; max_width_phone=&#8221;64%&#8221; max_width_last_edited=&#8221;on|desktop&#8221; module_alignment=&#8221;right&#8221; min_height=&#8221;34.1px&#8221; custom_margin=&#8221;||||false|false&#8221; custom_padding=&#8221;|77px||||&#8221; transform_styles_tablet=&#8221;&#8221; transform_styles_phone=&#8221;&#8221;][\/et_pb_image][\/et_pb_column][et_pb_column type=&#8221;1_6&#8243; _builder_version=&#8221;4.8.2&#8243; _module_preset=&#8221;default&#8221;][\/et_pb_column][\/et_pb_row][et_pb_row _builder_version=&#8221;4.8.2&#8243; _module_preset=&#8221;default&#8221;][et_pb_column type=&#8221;4_4&#8243; _builder_version=&#8221;4.8.2&#8243; _module_preset=&#8221;default&#8221;][et_pb_text _builder_version=&#8221;4.8.2&#8243; _module_preset=&#8221;default&#8221; text_text_color=&#8221;#D6D6D6&#8243; text_font_size=&#8221;15px&#8221; text_line_height=&#8221;1.8em&#8221;]Danilo Tavares nasci na Saltu Baixu (Tarrafal \u2013 ilia di Santiagu -1969) e un baxista (tokador di viola baxu), kauberdianu-holand\u00eas, prudutor musikal i injinheru di som, i e ta mora na Rotterdam. Danilo bira ta konxedu mas na kez pa\u00eds i kumunidadis di l\u00edngua i spresson portugues spadjadu pa mundu, komu baxista di konjuntu famozu sima Rabeladus e Splash! Mas el, Danilo e un homi i artista ku txeu talentus.<\/p>\n<p>Kantu e tinha tr\u00eas anu di idadi, Danilo muda djuntu ku si pais pa Holanda i e passa ta mora na sidadi di Rotterdam. Es sidadi, kontribui txeu na din\u00e2mika musikal kauberdianu desdi di dekada di \u201860 di s\u00e9kulu pasadu. E nez sidadi portu\u00e1ria di holanda ki kantu Danilo tinha 11 anu di idadi e tevi opurtunidadi di sisti txeu spetakulu ao vivu di varius artistas famosus i grandi bandas kauberdianu antigus sima, Tulipa Negra (di Purtugal) e Bulimundo (di Kauberdi) djuntu ku i pai. E si ki paxon pa m\u00fasika i pa som kumesa ta spadja.<\/p>\n<p>1989 &#8211; 2000: Baixista i Prudutor<br \/>\nApartir di 1989 Danilo toka na txeu bandas musikal i e fazi gravason na varius st\u00fadius pa bandas i artistas sima Rabelados, Beto Dias, Kino Cabral, Grace \u00c9vora, Bitori Nha Bibinha i Chando Graciosa. Nez per\u00edodu li e kumesa si aventura na pruduson fonogr\u00e1fica (teknika di gravason). Na 1998 e kria un dupla di produtoris inovador, ki e da nomi di \u201c TxT \u201cdjuntu ku Djucka Texeira, undi ki ez pruduzi v\u00e1rius artistas. Na fin dia d\u00e9kada di 1990, e termina si formason akademiku nun &nbsp;famosu Institutu di Injinharia di Audio (SAE) na Rotterdam i oji e un rekonhesidu i ruspetadu injenheru di som.<\/p>\n<p>2000 &#8211; 2010: E djunta si funson di Baxista, Prudutor i Injinheru di Som, na ind\u00fastria di musika. Nez d\u00e9cada li, Danilo toka komu baxista na bandas Rabelados i Splash! Na mesmu momentu e pruduzi txeu disku di artistas cabo-verdianos ku talentu na si nomi prudutor \u201cMister D\u201d. Na kel \u00e9puka e trabadja tamb\u00e9 ku funson di xefi-injiheru di som na st\u00fadiuo MESA Recording Studio e di Giva Tropical Recording Studios tudu situadu na Schiedam. Tudu doz empresas ativus i specializadu na sigmentu di m\u00fasika kauberdianu i na m\u00fasika di PALOP\u2019s. Un per\u00edodu di txeu sucesu nu ki Danilo foi sem d\u00favida co-rispons\u00e1vel komu m\u00fasiku, kompositor, aranjador i t\u00e9kniku di som.<\/p>\n<p>2010 &#8211; Presenti: e funda na 2011 Tavares Music Studio undi \u00e9l orgulhosu propriet\u00e1riu i gerenti. Nes si empresa el \u00e9 Baxista, Prudutor, Injinheru di Som i Gerenti di St\u00fadiu di Gravason. Desdi ki studiu foi fundadu, dja fazedu mas di 1000 gravasons sklusivu. Artistas di tudu quadrantis di mundu ta viaja expresamenti p\u00e1 Roterd\u00e3m pa ben xinti sensason di kel som t\u00edpiku di es Roterd\u00e3m-Kauberdianu na si gravasons. Mesmu assi e kria tamb\u00e9 cria spasu pa kumpanha kel grandi tokador di gaita, Bitori Nha Bibinha, artitia ki Danilo dja subi ku el komu baxista e xefi di banda na txeu palkus, salas di spetakulus i festival di mundu ku txeu sucesu.[\/et_pb_text][\/et_pb_column][\/et_pb_row][et_pb_row _builder_version=&#8221;4.8.2&#8243; _module_preset=&#8221;default&#8221; custom_padding=&#8221;88px|||||&#8221;][et_pb_column type=&#8221;4_4&#8243; _builder_version=&#8221;4.8.2&#8243; _module_preset=&#8221;default&#8221;][et_pb_button button_url=&#8221;http:\/\/tavaresmuzika.com&#8221; button_text=&#8221;Home&#8221; button_alignment=&#8221;right&#8221; button_text_tablet=&#8221;&#8221; button_text_phone=&#8221;&#8221; button_text_last_edited=&#8221;on|phone&#8221; button_alignment_tablet=&#8221;&#8221; button_alignment_phone=&#8221;&#8221; button_alignment_last_edited=&#8221;on|phone&#8221; _builder_version=&#8221;4.8.2&#8243; _module_preset=&#8221;default&#8221; custom_button=&#8221;on&#8221; button_text_size=&#8221;17px&#8221; button_text_color=&#8221;#000000&#8243; button_bg_color=&#8221;#FFFFFF&#8221; button_border_width=&#8221;2px&#8221; button_border_color=&#8221;#000000&#8243; button_border_radius=&#8221;21px&#8221; button_letter_spacing=&#8221;1px&#8221; button_font=&#8221;Acme|700|||||||&#8221; button_use_icon=&#8221;off&#8221; transform_translate=&#8221;-18px|-30px&#8221; custom_margin_tablet=&#8221;&#8221; custom_margin_phone=&#8221;||||false|false&#8221; custom_margin_last_edited=&#8221;on|phone&#8221; custom_padding_tablet=&#8221;&#8221; custom_padding_phone=&#8221;&#8221; custom_padding_last_edited=&#8221;on|phone&#8221; locked=&#8221;off&#8221;][\/et_pb_button][\/et_pb_column][\/et_pb_row][\/et_pb_section]<\/p>\n","protected":false},"excerpt":{"rendered":"<p>Biografia di Danilo TavaresDanilo Tavares nasci na Saltu Baixu (Tarrafal \u2013 ilia di Santiagu -1969) e un baxista (tokador di viola baxu), kauberdianu-holand\u00eas, prudutor musikal i injinheru di som, i e ta mora na Rotterdam. Danilo bira ta konxedu mas na kez pa\u00eds i kumunidadis di l\u00edngua i spresson portugues spadjadu pa mundu, komu baxista [&hellip;]<\/p>\n","protected":false},"author":1,"featured_media":0,"parent":7,"menu_order":2,"comment_status":"closed","ping_status":"closed","template":"page-template-blank.php","meta":{"_et_pb_use_builder":"on","_et_pb_old_content":"","_et_gb_content_width":"","inline_featured_image":false,"_monsterinsights_skip_tracking":false,"_monsterinsights_sitenote_active":false,"_monsterinsights_sitenote_note":"","_monsterinsights_sitenote_category":0,"footnotes":""},"class_list":["post-248","page","type-page","status-publish","hentry"],"_links":{"self":[{"href":"https:\/\/tavaresmuzika.com\/index.php\/wp-json\/wp\/v2\/pages\/248","targetHints":{"allow":["GET"]}}],"collection":[{"href":"https:\/\/tavaresmuzika.com\/index.php\/wp-json\/wp\/v2\/pages"}],"about":[{"href":"https:\/\/tavaresmuzika.com\/index.php\/wp-json\/wp\/v2\/types\/page"}],"author":[{"embeddable":true,"href":"https:\/\/tavaresmuzika.com\/index.php\/wp-json\/wp\/v2\/users\/1"}],"replies":[{"embeddable":true,"href":"https:\/\/tavaresmuzika.com\/index.php\/wp-json\/wp\/v2\/comments?post=248"}],"version-history":[{"count":31,"href":"https:\/\/tavaresmuzika.com\/index.php\/wp-json\/wp\/v2\/pages\/248\/revisions"}],"predecessor-version":[{"id":779,"href":"https:\/\/tavaresmuzika.com\/index.php\/wp-json\/wp\/v2\/pages\/248\/revisions\/779"}],"up":[{"embeddable":true,"href":"https:\/\/tavaresmuzika.com\/index.php\/wp-json\/wp\/v2\/pages\/7"}],"wp:attachment":[{"href":"https:\/\/tavaresmuzika.com\/index.php\/wp-json\/wp\/v2\/media?parent=248"}],"curies":[{"name":"wp","href":"https:\/\/api.w.org\/{rel}","templated":true}]}}